{"id":1564,"date":"2021-03-23T11:06:54","date_gmt":"2021-03-23T10:06:54","guid":{"rendered":"https:\/\/www.syrian-heritage.org\/?page_id=1564"},"modified":"2021-03-23T15:53:42","modified_gmt":"2021-03-23T14:53:42","slug":"imprint-deutsch","status":"publish","type":"page","link":"https:\/\/syrian-heritage.org\/de\/imprint-deutsch\/","title":{"rendered":"Impressum"},"content":{"rendered":"\n<h3 class=\"wp-block-heading\" style=\"font-size:20px\"><strong>Das Internetangebot unter syrian-heritage.org wird herausgegeben von:<\/strong><\/h3>\n\n\n\n<p style=\"font-size:19px\">Syrian Heritage Archive Project <br>c\/o Museum f\u00fcr Islamische Kunst<br>Geschwister-Scholl-Strasse 6<br>10117 Berlin<\/p>\n\n\n\n<p style=\"font-size:19px\">Telefon +49 (0)30 60269 00-0 (-1)<br>Email: <a href=\"mailto:info@syrian-heritage.org\">info@syrian-heritage.org<\/a><br>Internet: <a href=\"http:\/\/www.syrian-heritage.org\/\">syrian-heritage.org<\/a><\/p>\n\n\n\n<p style=\"font-size:20px\"><strong>Website-Content-Management<\/strong>: Syrian Heritage Archive Project, Museum f\u00fcr Islamische Kunst\/IT<br><strong>Technische Mitarbeit:<\/strong> Deutsches Arch\u00e4ologisches Institut\/IT, Tim Reeves Internet Services <br><strong>Lektorat<\/strong>: Syrian Heritage Archive Project<\/p>\n\n\n\n<hr class=\"wp-block-separator is-style-wide\"\/>\n\n\n\n<h3 class=\"wp-block-heading\" style=\"font-size:20px\"><strong>Haftungsausschluss<\/strong><\/h3>\n\n\n\n<p style=\"font-size:19px\">Das Syrian Heritage Archive Project ist bem\u00fcht, sein Webangebot stets aktuell, inhaltlich richtig und vollst\u00e4ndig anzubieten. Dennoch ist das Auftreten von Fehlern nicht v\u00f6llig auszuschlie\u00dfen. Das Syrian Heritage Archive Project \u00fcbernimmt keine Haftung f\u00fcr die Aktualit\u00e4t, die inhaltliche Richtigkeit sowie f\u00fcr die Vollst\u00e4ndigkeit der in ihrem Webangebot eingestellten Informationen, es sei denn, die Fehler wurden vors\u00e4tzlich oder grob fahrl\u00e4ssig aufgenommen. Dies bezieht sich auf eventuelle Sch\u00e4den materieller oder ideeller Art Dritter, die durch die Nutzung dieses Webangebotes verursacht wurden. Alle Angebote sind freibleibend und unverbindlich. Das Syrian Heritage Archive Project beh\u00e4lt es sich ausdr\u00fccklich vor, Teile der Seiten oder das gesamte Angebot ohne gesonderte Ank\u00fcndigung zu ver\u00e4ndern, zu erg\u00e4nzen, zu l\u00f6schen oder die Ver\u00f6ffentlichung zeitweise oder endg\u00fcltig einzustellen.<\/p>\n\n\n\n<p><strong>Copyright\/Urheberrecht<\/strong><\/p>\n\n\n\n<p style=\"font-size:19px\">Das Layout und die Inhalte, insbesondere Texte, Bildmaterial und alle Multimediaelemente und \u2013inhalte auf der Website des Syrian Heritage Archive Projects sind, wenn nicht explizite Lizenzierungen erw\u00e4hnt sind, urheberrechtlich gesch\u00fctzt. Wenn Sie Texte in Ihre Website integrieren wollen, so tun Sie dies bitte per Link auf unsere Website und nicht durch eine physische \u00dcbernahme der Texte. Fotomechanische Wiedergabe, Vervielf\u00e4ltigung oder Verbreitung mittels besonderer Verfahren (zum Beispiel Datenverarbeitung, Datentr\u00e4ger und Datennetze), auch teilweise, sind ohne ausdr\u00fcckliche Erlaubnis des Syrian Heritage Archive Project nicht gestattet.<\/p>\n\n\n\n<h3 class=\"wp-block-heading\" style=\"font-size:20px\"><strong>Externe Verweise und Links<\/strong><\/h3>\n\n\n\n<p style=\"font-size:19px\">Das Syrian Heritage Archive Project erkl\u00e4rt hiermit ausdr\u00fccklich, dass bei direkten oder indirekten Verweisen auf fremde Webseiten (\u201eHyperlinks\u201c), die au\u00dferhalb des Verantwortungsbereiches des Syrian Heritage Archive Projects liegen zum Zeitpunkt der Linksetzung keine illegalen Inhalte auf den zu verlinkenden Seiten erkennbar waren. Das <em>SHAP<\/em>hat f\u00fcr diese Pr\u00fcfung die ihm technisch m\u00f6glichen und zumutbaren Anstrengungen unternommen. Auf die aktuelle und zuk\u00fcnftige Gestaltung, die Inhalte oder die Urheberschaft der verlinkten\/verkn\u00fcpften Seiten hat das Syrian Heritage Archive Project keinerlei Einfluss. Deshalb distanziert es sich hiermit ausdr\u00fccklich von allen Inhalten aller verlinkten\/verkn\u00fcpften Seiten, die nach der Linksetzung ver\u00e4ndert wurden. Diese Feststellung gilt f\u00fcr alle innerhalb des eigenen Internetangebotes gesetzten Links und Verweise sowie f\u00fcr Fremdeintr\u00e4ge in vom Syrian Heritage Archive Project eingerichteten G\u00e4steb\u00fcchern, Diskussionsforen, Linkverzeichnissen, Mailinglisten und in allen anderen Formen von Datenbanken, auf deren Inhalt externe Schreibzugriffe m\u00f6glich sind. F\u00fcr illegale, fehlerhafte oder unvollst\u00e4ndige Inhalte und insbesondere f\u00fcr Sch\u00e4den, die aus der Nutzung oder Nichtnutzung solcherart dargebotener Informationen entstehen, haftet allein der Anbieter der Seite, auf welche verwiesen wurde, nicht derjenige, der \u00fcber Links auf die jeweilige Ver\u00f6ffentlichung lediglich verweist.<\/p>\n\n\n\n<h3 class=\"wp-block-heading\" style=\"font-size:20px\"><strong>Rechtswirksamkeit<\/strong><\/h3>\n\n\n\n<p style=\"font-size:19px\">Dieser Haftungsausschluss ist Teil des Internetangebotes des Syrian Heritage Archive Project. Sofern einzelne Formulierungen oder Teile dieses Textes der geltenden Rechtslage nicht mehr oder nicht mehr vollst\u00e4ndig entsprechen, bleiben die \u00fcbrigen Teile dieser Erkl\u00e4rung davon unber\u00fchrt.<\/p>\n\n\n\n<p style=\"font-size:19px\">Falls das Syrian Heritage Archive Project auf Seiten verweist, deren Inhalt Anlass zur Beanstandung gibt, bittet die Internet-Redaktion um Mitteilung. Teilen Sie uns bitte ebenso mit, wenn eigene Inhalte nicht fehlerfrei, aktuell, vollst\u00e4ndig oder verst\u00e4ndlich geschrieben sind.<\/p>\n","protected":false},"excerpt":{"rendered":"<p>Das Internetangebot unter syrian-heritage.org wird herausgegeben von: Syrian Heritage Archive Project c\/o Museum f\u00fcr Islamische KunstGeschwister-Scholl-Strasse 610117 Berlin Telefon +49 (0)30 60269 00-0 (-1)Email: info@syrian-heritage.orgInternet: syrian-heritage.org Website-Content-Management: Syrian Heritage Archive Project, Museum f\u00fcr Islamische Kunst\/ITTechnische Mitarbeit: Deutsches Arch\u00e4ologisches Institut\/IT, Tim Reeves Internet Services Lektorat: Syrian Heritage Archive Project Haftungsausschluss Das Syrian Heritage Archive Project ist [&hellip;]<\/p>\n","protected":false},"author":8,"featured_media":0,"parent":0,"menu_order":0,"comment_status":"closed","ping_status":"closed","template":"","meta":{"_acf_changed":false,"_seopress_robots_primary_cat":"","_seopress_titles_title":"Impressum","_seopress_titles_desc":"Das Internetangebot unter syrian-heritage.org wird herausgegeben von: Syrian Heritage Archive Project, c\/o Museum f\u00fcr Islamische Kunst, Geschwister-Scholl-Strasse 6, 10117 Berlin. Website-Content-Management: Syrian Heritage Archive Project, Museum f\u00fcr Islamische Kunst\/IT, Technische Mitarbeit: Deutsches Arch\u00e4ologisches Institut\/IT, Tim Reeves Internet Services, Lektorat: Syrian Heritage Archive Project. ","_seopress_robots_index":"","_uag_custom_page_level_css":"","footnotes":""},"class_list":["post-1564","page","type-page","status-publish","hentry","entry"],"acf":[],"uagb_featured_image_src":{"full":false,"thumbnail":false,"medium":false,"medium_large":false,"large":false,"1536x1536":false,"2048x2048":false,"post-thumbnail":false},"uagb_author_info":{"display_name":"Maximilian","author_link":"https:\/\/syrian-heritage.org\/de"},"uagb_comment_info":0,"uagb_excerpt":"Das Internetangebot unter syrian-heritage.org wird herausgegeben von: Syrian Heritage Archive Project c\/o Museum f\u00fcr Islamische KunstGeschwister-Scholl-Strasse 610117 Berlin Telefon +49 (0)30 60269 00-0 (-1)Email: info@syrian-heritage.orgInternet: syrian-heritage.org Website-Content-Management: Syrian Heritage Archive Project, Museum f\u00fcr Islamische Kunst\/ITTechnische Mitarbeit: Deutsches Arch\u00e4ologisches Institut\/IT, Tim Reeves Internet Services Lektorat: Syrian Heritage Archive Project Haftungsausschluss Das Syrian Heritage Archive Project ist&hellip;","_links":{"self":[{"href":"https:\/\/syrian-heritage.org\/de\/wp-json\/wp\/v2\/pages\/1564","targetHints":{"allow":["GET"]}}],"collection":[{"href":"https:\/\/syrian-heritage.org\/de\/wp-json\/wp\/v2\/pages"}],"about":[{"href":"https:\/\/syrian-heritage.org\/de\/wp-json\/wp\/v2\/types\/page"}],"author":[{"embeddable":true,"href":"https:\/\/syrian-heritage.org\/de\/wp-json\/wp\/v2\/users\/8"}],"replies":[{"embeddable":true,"href":"https:\/\/syrian-heritage.org\/de\/wp-json\/wp\/v2\/comments?post=1564"}],"version-history":[{"count":0,"href":"https:\/\/syrian-heritage.org\/de\/wp-json\/wp\/v2\/pages\/1564\/revisions"}],"wp:attachment":[{"href":"https:\/\/syrian-heritage.org\/de\/wp-json\/wp\/v2\/media?parent=1564"}],"curies":[{"name":"wp","href":"https:\/\/api.w.org\/{rel}","templated":true}]}}