{"id":1707,"date":"2019-06-05T13:03:41","date_gmt":"2019-06-05T11:03:41","guid":{"rendered":"https:\/\/syrian-heritage.org\/?page_id=1707"},"modified":"2021-03-23T15:54:20","modified_gmt":"2021-03-23T14:54:20","slug":"cookies-policy-deutsch","status":"publish","type":"page","link":"https:\/\/syrian-heritage.org\/de\/cookies-policy-deutsch\/","title":{"rendered":"Cookie Richtlinien"},"content":{"rendered":"\n<h3 class=\"wp-block-heading\">1. Einleitung<\/h3>\n\n\n\n<p>Diese Cookie-Richtlinie gilt f\u00fcr jede Website (kollektiv &#8222;Website&#8220;), die vom Museum f\u00fcr Islamische Kunst (Berlin) unterst\u00fctzt wird, zu deren Zwecken auch die angeschlossenen Projekte (kollektiv &#8222;wir&#8220;, &#8222;unser&#8220; oder &#8222;uns&#8220;), die auf diese Richtlinie verweisen oder sie durch Verweis einbinden.<\/p>\n\n\n\n<h3 class=\"wp-block-heading\">2. WAS IST EIN COOKIE?<\/h3>\n\n\n\n<p><strong>2.1<\/strong> Wir verwenden Cookies und andere Technologien, um Funktionen auf der Website zu aktivieren. Ein Cookie ist eine kleine Textdatei, die Internet-Einstellungen speichert. Wenn Sie diese Website das n\u00e4chste Mal mit demselben Endger\u00e4t besuchen, werden das Cookie und die darin enthaltenen Informationen entweder an die urspr\u00fcngliche Website (First-Party-Cookie) oder an eine andere Website, zu der es geh\u00f6rt (Third-Party-Cookie), zur\u00fcckgesendet. Dadurch kann die Website erkennen, dass sie bereits mit diesem Browser ge\u00f6ffnet wurde, und in einigen F\u00e4llen wird sie dann den angezeigten Inhalt variieren.<\/p>\n\n\n\n<p><strong>2.2<\/strong> Fast jede Website verwendet die Cookie-Technologie. Einige Cookies sind n\u00fctzlich, da sie die Benutzerfreundlichkeit verbessern k\u00f6nnen. Cookies beschleunigen, unter anderem, die Navigation durch unsere Website, verfolgen Informationen, so dass Sie diese nicht bei jedem Besuch unserer Website erneut eingeben m\u00fcssen, helfen uns, Ihnen ma\u00dfgeschneiderte Inhalte zur Verf\u00fcgung zu stellen und erm\u00f6glichen es uns, mehr \u00fcber Ihren Besuch zu erfahren.<\/p>\n\n\n\n<p><strong>2.3<\/strong> Einige von uns verwendete Cookies bed\u00fcrfen Ihrer Zustimmung, w\u00e4hrend andere davon ausgenommen sind.<\/p>\n\n\n\n<ul class=\"wp-block-list\"><li>\n<strong>von der Einwilligung ausgenommene Cookies<\/strong>: unbedingt notwendige Cookies garantieren Funktionen, ohne die Sie die Website nicht wie gew\u00fcnscht nutzen k\u00f6nnen. Sie werden w\u00e4hrend der aktuellen Browser-Sitzung auf Ihrem Computer gespeichert. Unbedingt notwendige Cookies stellen sicher, dass Ihnen beim Aufruf der Funktionalit\u00e4ten einer Website eine Version angezeigt wird, die eine breitbandbezogene Datenmenge aufweist, die der der von Ihnen verwendeten Internetverbindung entspricht. Solche Cookies garantieren auch, dass beim Seitenwechsel die Funktion des Wechsels von http zu https stattfindet. Cookies dieser Art speichern auch Ihre Entscheidung \u00fcber die Verwendung von Cookies auf unserer Website. F\u00fcr die unbedingt notwendigen Cookies ist Ihre Zustimmung nicht erforderlich.<\/li><li>\n<strong>Einwilligungspflichtige Cookies<\/strong>: Alle anderen Cookies, die f\u00fcr die Nutzung der Website nicht unbedingt erforderlich sind, erf\u00fcllen weiterhin wichtige Aufgaben. Ohne diese Cookies k\u00f6nnten Funktionen, die f\u00fcr Ihren Komfort auf unserer Website bestimmt sind, wie z.B. Ihre pers\u00f6nlichen Einstellungen oder das automatische Ausf\u00fcllen von Formularen, nicht erhalten bleiben und m\u00fcssten daher auf jeder Seite neu eingegeben werden.<\/li><\/ul>\n\n\n\n<h3 class=\"wp-block-heading\">3. COOKIE-ARTEN DIE WIR NUTZEN<\/h3>\n\n\n\n<p><strong>3.1<\/strong> Unsere Website kann drei Arten von Cookies verwenden: unbedingt erforderliche Cookies, Performance-Cookies oder funktionale Cookies.<\/p>\n\n\n\n<ul class=\"wp-block-list\"><li>\n<strong>Unbedingt notwendige Cookies<\/strong> sind unerl\u00e4sslich, damit Sie sich auf der Website bewegen und deren Funktionen nutzen k\u00f6nnen. Diese tempor\u00e4ren Cookies gelten nur so lange, wie Ihr Webbrowser ge\u00f6ffnet ist und werden f\u00fcr technische Zwecke wie z.B. eine bessere Navigation auf unserer Website verwendet. Ohne diese Cookies k\u00f6nnen die von Ihnen angeforderten Dienste nicht bereitgestellt werden &#8211; z.B. das Erinnern an fr\u00fchere Aktionen (z.B. eingegebener Text) beim Zur\u00fccknavigieren zu einer Seite in derselben Sitzung. Sobald Sie Ihren Browser schlie\u00dfen, verschwindet das Cookie.<\/li><li>\n<strong>Performance-Cookies<\/strong> werden f\u00fcr l\u00e4ngere Zeitr\u00e4ume auf Ihrem Computer gespeichert und dienen dazu, die Anzahl der einzelnen Besucher unserer Website zu verfolgen und Informationen wie die Anzahl der Aufrufe einer Seite, wie viel Zeit ein Benutzer auf einer Seite verbringt, und andere relevante Webstatistiken zu erfassen. Diese Cookies speichern keine Informationen, die eine Identifizierung des Benutzers erm\u00f6glichen w\u00fcrden. Die gesammelten Informationen werden zusammengefasst und somit anonymisiert. Diese Cookies werden ausschlie\u00dflich zur Verbesserung der Leistung der Website und damit der Benutzerfreundlichkeit verwendet.<\/li><li>\n<strong>Funktionale Cookies<\/strong> erm\u00f6glichen es der Website, bereits eingegebene Informationen (wie Benutzernamen, Sprachauswahl und Ihren Standort) zu speichern, um Ihnen verbesserte und personalisiertere Funktionen anbieten zu k\u00f6nnen. Funktionale Cookies werden auch verwendet, um von Ihnen angeforderte Funktionen wie die Wiedergabe von Videos zu aktivieren. Diese Cookies sammeln anonyme Informationen und k\u00f6nnen Ihre Bewegungen auf anderen Websites nicht verfolgen.<\/li><\/ul>\n\n\n\n<p>Die folgende Tabelle zeigt die Gr\u00fcnde, warum wir auf der Website Cookies verwenden k\u00f6nnten.<\/p>\n\n\n\n<table class=\"wp-block-table is-style-stripes\"><tbody><tr><td><strong>N\u200du\u200dt\u200dz\u200du\u200dn\u200dg\u200ds\u200dk\u200da\u200dt\u200de\u200dg\u200do\u200dr\u200di\u200de\u200dn<\/strong><\/td><td><strong>Beschreibung<\/strong><\/td><\/tr><tr><td><strong>Sitzungen und E\u200di\u200dn\u200ds\u200dc\u200dh\u200dr\u200de\u200dibungen<\/strong><\/td><td>Wir k\u00f6nnen diese Cookies verwenden, um grundlegende Sicherheits-a\u200dnforderungen zu erf\u00fcllen und sicherzustellen, dass die Website ord-n\u200dungsgem\u00e4\u00df funktioniert. Diese Cookies werden auch verwendet, um Einstellungen einschlie\u00dflich des Abonnements f\u00fcr eingeloggte B\u200de\u200dn\u200du\u200dt\u200dzer zu speichern, damit wir Ihnen ein besseres Benut\u200dzererlebnis bieten und E-Mail-Benachrichtigungen bereitstellen k\u00f6nnen.<\/td><\/tr><tr><td><strong>Benachrichtigungen<\/strong><\/td><td>Diese Cookies bieten eine Banner-Willkommensnachricht, andere W\u200de\u200dbsiteweite Nachrichten und Benachrichtigungen \u00fcber die Ableh-n\u200du\u200dng von Cookies. Ein Cookie wird gespeichert, um zu wissen, wann die Benachrichtigung basierend auf der Benutzereinstellung ange-z\u200de\u200di\u200dgt werden soll.<\/td><\/tr><tr><td><strong>Tests und Umfragen<\/strong><\/td><td>Diese Cookies sind gesammelte Antworten auf Umfragen. Ein Cookie kann gespeichert werden, um den Fortschritt zu verfolgen, und m\u200da\u200dn\u200dc\u200dhmal werden verschiedene Versionen von Seiten getestet, um z\u200du sehen, welche besser funktionieren (A\/B-Test).<\/td><\/tr><tr><td><strong>Technische Informa-t\u200dionen und Browser-i\u200dnformationen<\/strong><\/td><td>Diese Cookies werden verwendet, um Browser-, Betriebs- und Plug-i\u200dn-Versionen zu erkennen, die Benutzer \u00fcber veraltete Software in-f\u200do\u200dr\u200dmieren.<\/td><\/tr><tr><td><strong>Validierung (\u00dcber-p\u200dr\u200d\u00fcfung)<\/strong><\/td><td>Diese Cookies werden verwendet, um sicherzustellen, dass die Do-m\u200da\u200di\u200dn- und Subdomain-Cookies, die vom Webserver an den Benutzer gesendet werden, nicht ver\u00e4ndert werden.<\/td><\/tr><\/tbody><\/table>\n\n\n\n<p><strong>3.2 Cookies von Drittanbietern<\/strong>: Wir k\u00f6nnen Drittanbieter hinzuziehen, um uns durch die Bereitstellung bestimmter statistischer und analytischer Informationen zu unterst\u00fctzen. Beispielsweise werden Cookies von Drittanbietern verwendet, um die Leistung der Website, Ereignisse und Besucheraktivit\u00e4ten zu messen, um sicherzustellen, dass die Website den Bed\u00fcrfnissen der Benutzer entspricht, und um Verbesserungen bei der Navigation, der Suche und dem Inhalt vorzunehmen. Dabei verwenden wir in erster Linie Google Analytics. <em>Siehe<\/em>Abschnitt 4 unten f\u00fcr weitere Details.<\/p>\n\n\n\n<h3 class=\"wp-block-heading\">4. GOOGLE ANALYTICS<\/h3>\n\n\n\n<p><strong>4.1<\/strong> Wir verwenden Google Analytics, einen Webanalysedienst der Google, Inc. (&#8222;Google&#8220;). Google Analytics verwendet so genannte Cookies, Textdateien, die auf Ihrem Computer gespeichert werden und die eine Analyse der Benutzung der Website durch Sie erm\u00f6glichen. Die durch den Cookie erzeugten Informationen \u00fcber Ihre Benutzung dieser Website werden an einen Server von Google in den USA \u00fcbertragen und dort gespeichert. Google wird diese Informationen in unserem Auftrag als Betreiber der Website verwenden, um Ihre Nutzung der Website auszuwerten, um Reports \u00fcber die Websiteaktivit\u00e4ten f\u00fcr die Websitebetreiber zusammenzustellen und um weitere mit der Websitenutzung und der Internetnutzung verbundene Dienstleistungen zu erbringen.<\/p>\n\n\n\n<p>Falls die <abbr title=\"-\">IP<\/abbr>-Anonymisierung auf der Website aktiviert ist, wird Ihre <abbr title=\"-\">IP<\/abbr>-Adresse im Bereich der Mitgliedstaaten der Europ\u00e4ischen Union (&#8222;EU&#8220;) oder anderer Parteien des Abkommens \u00fcber den Europ\u00e4ischen Wirtschaftsraum (&#8222;EWR&#8220;) gek\u00fcrzt. Nur in Ausnahmef\u00e4llen wird die gesamte <abbr title=\"-\">IP<\/abbr>-Adresse zun\u00e4chst auf einen Google-Server in den USA \u00fcbertragen und dort gek\u00fcrzt. Die <abbr title=\"-\">IP<\/abbr>-Anonymisierung ist auf der Website aktiv. Die <abbr title=\"-\">IP<\/abbr>-Adresse, die Ihr Browser im Rahmen von Google Analytics \u00fcbermittelt, wird nicht mit anderen Daten von Google in Verbindung gebracht. Sie k\u00f6nnen die Installation der Cookies durch eine entsprechende Einstellung Ihres Browsers verhindern; wir weisen Sie jedoch darauf hin, dass Sie in diesem Fall gegebenenfalls nicht s\u00e4mtliche Funktionen dieser Website vollumf\u00e4nglich nutzen k\u00f6nnen.<\/p>\n\n\n\n<p><strong>4.2<\/strong> Sie k\u00f6nnen sich auch von der Nachverfolgung durch Google Analytics mit Wirkung f\u00fcr die Zukunft abmelden, indem Sie das Google Analytics Opt-out Browser Add-on f\u00fcr Ihren aktuellen Webbrowser herunterladen und installieren: (hier klicken <a href=\"https:\/\/tools.google.com\/dlpage\/gaoptout?hl=en-GB\">https:\/\/tools.google.com\/dlpage\/gaoptout?hl=de<\/a>).<\/p>\n\n\n\n<h3 class=\"wp-block-heading\">5. WIE MAN COOKIES KONTROLLIERT UND DEAKTIVIERT<\/h3>\n\n\n\n<p><strong>5.1<\/strong> Sie k\u00f6nnen Cookies jederzeit kontrollieren und\/oder l\u00f6schen oder deaktivieren, indem Sie Ihre Browsereinstellungen anpassen. Die Browser sind unterschiedlich, daher lesen Sie die Anweisungen zu Ihrem Browser, um mehr \u00fcber Cookie-bezogene und andere Datenschutz- und Sicherheitseinstellungen zu erfahren, die m\u00f6glicherweise verf\u00fcgbar sind.<\/p>\n\n\n\n<p><strong>5.2<\/strong> Bitte beachten Sie jedoch, dass Sie, wenn Sie Cookies deaktivieren, m\u00f6glicherweise nicht alle Funktionen unserer Website voll aussch\u00f6pfen k\u00f6nnen.<\/p>\n\n\n\n<h3 class=\"wp-block-heading\">6. PLUG-INS F\u00dcR SOZIALE MEDIEN<\/h3>\n\n\n\n<p><strong>6.1<\/strong> Unsere Website kann so genannte Social Plugins (&#8222;Plugins&#8220;) aus den sozialen Netzwerken wie Twitter, Facebook, YouTube, Pinterest, Instagram und Tumbler verwenden. Diese Plugins sind durch das jeweilige Logo des sozialen Netzwerks gekennzeichnet. Wenn Sie auf unsere Website zugreifen, stellt Ihr Browser eine direkte Verbindung zu den Servern dieser sozialen Netzwerke her. Der Inhalt des Plugins wird vom sozialen Netzwerk direkt an Ihren Browser \u00fcbertragen, der ihn dann in die Website integriert.<\/p>\n\n\n\n<p><strong>6.2<\/strong> Die Integration des Plugins bewirkt, dass Facebook z.B. die Information erh\u00e4lt, dass Sie die entsprechende Seite der Website geladen haben. Wenn du mit Facebook angemeldet bist, kann es deinen Besuch deinem Facebook-Konto zuordnen. Bitte beachten Sie, dass ein Austausch dieser Informationen bereits beim Besuch unserer Website stattfindet, unabh\u00e4ngig davon, ob Sie mit dem Plugin interagieren oder nicht. Wenn Sie mit den Plugins interagieren, z.B. durch Dr\u00fccken der Schaltfl\u00e4che &#8222;Like&#8220;, werden die entsprechenden Informationen von Ihrem Browser direkt an Facebook gesendet und dort gespeichert. \u00dcber Zweck und Umfang der Datenerhebung sowie die Art und Weise, wie die Daten weiterverarbeitet und von den sozialen Netzwerken genutzt werden, sowie \u00fcber Ihre Rechte und optionalen Einstellungen zum Schutz Ihrer Privatsph\u00e4re finden Sie in den Datenschutzerkl\u00e4rungen der sozialen Netzwerke.<\/p>\n\n\n\n<p><strong>6.3<\/strong> Wenn Sie nicht m\u00f6chten, dass integrierte soziale Netzwerke \u00fcber unsere Website Daten \u00fcber Sie sammeln, m\u00fcssen Sie sich auf der jeweiligen Domain des sozialen Netzwerks abmelden, bevor Sie die Website besuchen. Wenn Sie verhindern m\u00f6chten, dass w\u00e4hrend Ihres Besuchs auf unserer Website Informationen mit den oben genannten sozialen Netzwerken ausgetauscht werden, k\u00f6nnen Sie Cookies \u00fcber Ihre Browsereinstellungen und andere Tools deaktivieren.<\/p>\n\n\n\n<h3 class=\"wp-block-heading\">7. WEB Z\u00c4HLBITS<\/h3>\n\n\n\n<p><strong>7.1<\/strong> Wir k\u00f6nnen Web Beacons (auch Web Bugs, Pixel Tags oder Clear GIFs genannt) in erster Linie verwenden, um aggregierte Daten (wie z.B. die Anzahl der Besucher) zu sammeln und zu pflegen, um zu sehen, welche Bereiche bei unseren Nutzern am beliebtesten sind, und um die Inhalte auf unserer Website zu verbessern und zu aktualisieren.<\/p>\n\n\n\n<h3 class=\"wp-block-heading\">8. ADOBE TECHNOLOGIEN<\/h3>\n\n\n\n<p><strong>8.1<\/strong> Wir k\u00f6nnen Adobe Flash und andere Technologien verwenden, um Informationen \u00fcber Ihre Nutzung der Website zu sammeln, zu speichern und zu verfolgen. Wenn Sie nicht \u00fcber Adobe Flash auf Ihrem Computer oder Ihren Ger\u00e4ten verf\u00fcgen, k\u00f6nnen Sie die Einstellungen Ihres Flash-Players mit den Tools anpassen, die in der Einstellungentafel f\u00fcr den Webseitenspeicher enthalten sind. Wir verwenden diese Informationen, um sicherzustellen, dass die Website einen Mehrwert f\u00fcr die Nutzer schafft.<\/p>\n\n\n\n<p><strong>8.2<\/strong> Der Einsatz von Adobe umfasst die Datenerfassung mittels Adobe Analytics und Adobe Dynamic Tag Management, die dann anonymisiert, verarbeitet und in Adobe-Rechenzentren in Europa gespeichert werden. Wenn Sie die Datenerfassung durch Adobe vollst\u00e4ndig ablehnen m\u00f6chten, k\u00f6nnen Sie dies tun, indem Sie den Opt-out-Prozess auf der Adobe-Website abschlie\u00dfen. <a href=\"https:\/\/www.adobe.com\/be_en\/privacy\/opt-out.html\">https:\/\/www.adobe.com\/de\/privacy\/opt-out.html<\/a>.<\/p>\n\n\n\n<p><strong>8.3<\/strong> Um &#8222;Flash-Cookies&#8220; zu deaktivieren, k\u00f6nnen Sie die Einstellung Ihres Flash-Players so einstellen, dass er Flash-Cookies blockiert, indem Sie die in den Speichereinstellungen Ihrer Website enthaltenen Tools verwenden. Weitere Informationen finden Sie auf der <a href=\"http:\/\/www.macromedia.com\/support\/documentation\/en\/flashplayer\/help\/settings_manager02.html#118539\">Website von Adobe<\/a>.<\/p>\n\n\n\n<p>* * *<\/p>\n","protected":false},"excerpt":{"rendered":"<p>1. Einleitung Diese Cookie-Richtlinie gilt f\u00fcr jede Website (kollektiv &#8222;Website&#8220;), die vom Museum f\u00fcr Islamische Kunst (Berlin) unterst\u00fctzt wird, zu deren Zwecken auch die angeschlossenen Projekte (kollektiv &#8222;wir&#8220;, &#8222;unser&#8220; oder &#8222;uns&#8220;), die auf diese Richtlinie verweisen oder sie durch Verweis einbinden. 2. WAS IST EIN COOKIE? 2.1 Wir verwenden Cookies und andere Technologien, um Funktionen [&hellip;]<\/p>\n","protected":false},"author":2,"featured_media":0,"parent":0,"menu_order":0,"comment_status":"closed","ping_status":"closed","template":"","meta":{"_acf_changed":false,"_seopress_robots_primary_cat":"","_seopress_titles_title":"","_seopress_titles_desc":"","_seopress_robots_index":"","_uag_custom_page_level_css":"","footnotes":""},"class_list":["post-1707","page","type-page","status-publish","hentry","entry"],"acf":[],"uagb_featured_image_src":{"full":false,"thumbnail":false,"medium":false,"medium_large":false,"large":false,"1536x1536":false,"2048x2048":false,"post-thumbnail":false},"uagb_author_info":{"display_name":"Issam Ballouz","author_link":"https:\/\/syrian-heritage.org\/de"},"uagb_comment_info":0,"uagb_excerpt":"1. Einleitung Diese Cookie-Richtlinie gilt f\u00fcr jede Website (kollektiv &#8222;Website&#8220;), die vom Museum f\u00fcr Islamische Kunst (Berlin) unterst\u00fctzt wird, zu deren Zwecken auch die angeschlossenen Projekte (kollektiv &#8222;wir&#8220;, &#8222;unser&#8220; oder &#8222;uns&#8220;), die auf diese Richtlinie verweisen oder sie durch Verweis einbinden. 2. WAS IST EIN COOKIE? 2.1 Wir verwenden Cookies und andere Technologien, um Funktionen&hellip;","_links":{"self":[{"href":"https:\/\/syrian-heritage.org\/de\/wp-json\/wp\/v2\/pages\/1707","targetHints":{"allow":["GET"]}}],"collection":[{"href":"https:\/\/syrian-heritage.org\/de\/wp-json\/wp\/v2\/pages"}],"about":[{"href":"https:\/\/syrian-heritage.org\/de\/wp-json\/wp\/v2\/types\/page"}],"author":[{"embeddable":true,"href":"https:\/\/syrian-heritage.org\/de\/wp-json\/wp\/v2\/users\/2"}],"replies":[{"embeddable":true,"href":"https:\/\/syrian-heritage.org\/de\/wp-json\/wp\/v2\/comments?post=1707"}],"version-history":[{"count":0,"href":"https:\/\/syrian-heritage.org\/de\/wp-json\/wp\/v2\/pages\/1707\/revisions"}],"wp:attachment":[{"href":"https:\/\/syrian-heritage.org\/de\/wp-json\/wp\/v2\/media?parent=1707"}],"curies":[{"name":"wp","href":"https:\/\/api.w.org\/{rel}","templated":true}]}}