{"id":2047,"date":"2019-12-17T18:11:25","date_gmt":"2019-12-17T17:11:25","guid":{"rendered":"https:\/\/syrian-heritage.org\/einen-beitrag-leisten\/"},"modified":"2021-12-01T15:58:40","modified_gmt":"2021-12-01T14:58:40","slug":"einen-beitrag-leisten","status":"publish","type":"page","link":"https:\/\/syrian-heritage.org\/de\/einen-beitrag-leisten\/","title":{"rendered":"Einen Beitrag leisten"},"content":{"rendered":"\n<p><p>Werden Sie Teil der Syrian Heritage Initiatives und leisten Sie einen Beitrag zum Schutz des syrischen Erbes beitragen.<\/p><\/p>\n\n\n\n<p><p>Unser Archiv ist eine Plattform, die kontinuierlich durch Beitr\u00e4ge, pers\u00f6nliche Geschichten und Feedback bereichert wird. Wir m\u00f6chten die verschiedenen Erz\u00e4hlungen einzelner Personen und Gemeinschaften in das Zentrum der Diskussion \u00fcber die vielf\u00e4ltigen Aspekte syrischen Kulturerbes r\u00fccken.<\/p><\/p>\n\n\n\n<p><p>Es gibt viele M\u00f6glichkeiten, einen Beitrag zu leisten:<\/p>  <blockquote><h4><strong>Teilen Sie Ihre pers\u00f6nliche Erinnerung:<\/strong><\/h4> <\/blockquote>Wir laden Sie herzlich ein, Fotos, Erinnerungen, Familiengeschichten oder die Br\u00e4uche Ihrer Gemeinschaft \u2013 auch beispielsweise in Form eines Film- oder Tondokuments &#8211; mit uns zu teilen. Sie helfen so, das Erbe der Menschen in Syrien zu dokumentieren. Benutzen Sie das Formular <a rel=\"noopener noreferrer\" href=\"https:\/\/syrian-heritage.org\/de\/einen-beitrag-leisten\/#Formular\">in diesem Link<\/a>, um Ihre Geschichte und ihr Wissen zu teilen:\u00a0<\/p>\n\n\n\n\n\n<p><p>Bitte beachten Sie, dass Material, das Sie mit uns teilen, Ihr eigenes sein muss. Es sollte au\u00dferdem immer Respekt gegen\u00fcber Mitbenutzern zeigen, beleidigende Sprache und jegliche Form von Diskriminierung vermeiden.<\/p>  <blockquote><h4><strong>Teile dein Material mit dem Archiv:<\/strong><\/h4> <\/blockquote>Wenn Sie uns eine Sammlung von Fotos, Audio- oder Filmmaterial geben m\u00f6chten, senden Sie bitte eine\u00a0E-Mail an <a href=\"mailto:info@syrian-heritage.org\">info@syrian-heritage.org<\/a><\/p>\n\n\n\n<blockquote><h4><strong>Schreiben Sie einen Artikel f\u00fcr unsere Website:<\/strong><\/h4><\/blockquote>\n\n\n\n<p>Senden Sie uns eine E-Mail mit einer kurzen Beschreibung Ihrer Person und des Themas, \u00fcber das Sie schreiben m\u00f6chten. Schreiben Sie uns auf Arabisch, Englisch oder Deutsch und erg\u00e4nzen Sie unsere Autorenliste.<\/p>\n\n\n\n<p>Email: <a href=\"mailto:info@syrian-heritage.org\">info@syrian-heritage.org<\/a><\/p>\n\n\n\n<blockquote><h4><strong>Werden Sie ein Kulturerbe-Freiwilliger:<\/strong><\/h4><\/blockquote>\n\n\n\n<p>Helfen Sie uns, den genauen Standort einiger Fotos zu ermitteln, Texte zu bearbeiten oder zu \u00fcbersetzen. Helfen Sie uns bei der thematischen Recherche oder beim Grafikdesign. Sie m\u00f6chten ein Cyber-Volont\u00e4r werden? Dann schreiben Sie uns eine E-Mail und werden Sie ein Freund des syrischen Kulturerbes: <a href=\"mailto:map@syrian-heritage.org\">map@syrian-heritage.org<\/a><\/p>\n\n\n\n<blockquote><h4><strong>Arbeite mit uns:<\/strong><\/h4><\/blockquote>\n\n\n\n<p>Arbeitsm\u00f6glichkeiten oder Praktika werden hier regelm\u00e4\u00dfig ausgeschrieben.<\/p>\n\n\n\n<hr class=\"wp-block-separator\"\/>\n\n\n\n<h3 class=\"wp-block-heading\" id=\"Formular\">Formular<\/h3>\n\n\n\n<div class=\"wpcf7 no-js\" id=\"wpcf7-f2098-o1\" lang=\"en-US\" dir=\"ltr\" data-wpcf7-id=\"2098\">\n<div class=\"screen-reader-response\"><p role=\"status\" aria-live=\"polite\" aria-atomic=\"true\"><\/p> <ul><\/ul><\/div>\n<form action=\"\/de\/wp-json\/wp\/v2\/pages\/2047#wpcf7-f2098-o1\" method=\"post\" class=\"wpcf7-form init\" aria-label=\"Contact form\" novalidate=\"novalidate\" data-status=\"init\">\n<fieldset class=\"hidden-fields-container\"><input type=\"hidden\" name=\"_wpcf7\" value=\"2098\" \/><input type=\"hidden\" name=\"_wpcf7_version\" value=\"6.1.5\" \/><input type=\"hidden\" name=\"_wpcf7_locale\" value=\"en_US\" \/><input type=\"hidden\" name=\"_wpcf7_unit_tag\" value=\"wpcf7-f2098-o1\" \/><input type=\"hidden\" name=\"_wpcf7_container_post\" value=\"0\" \/><input type=\"hidden\" name=\"_wpcf7_posted_data_hash\" value=\"\" \/><input type=\"hidden\" name=\"_wpcf7_recaptcha_response\" value=\"\" \/>\n<\/fieldset>\n<div class=\"flex\">\n\t<p><label> Ihr Name (Pflichtfeld)<br \/>\n<span class=\"wpcf7-form-control-wrap\" data-name=\"your-name\"><input size=\"40\" maxlength=\"400\" class=\"wpcf7-form-control wpcf7-text wpcf7-validates-as-required\" aria-required=\"true\" aria-invalid=\"false\" value=\"\" type=\"text\" name=\"your-name\" \/><\/span> <\/label><br \/>\n<label> Ihre E-Mail (Pflichtfeld)<br \/>\n<span class=\"wpcf7-form-control-wrap\" data-name=\"your-email\"><input size=\"40\" maxlength=\"400\" class=\"wpcf7-form-control wpcf7-email wpcf7-validates-as-required wpcf7-text wpcf7-validates-as-email\" aria-required=\"true\" aria-invalid=\"false\" value=\"\" type=\"email\" name=\"your-email\" \/><\/span> <\/label>\n\t<\/p>\n<\/div>\n<p><label> Titel Ihres Beitrags<br \/>\n<span class=\"wpcf7-form-control-wrap\" data-name=\"your-subject\"><input size=\"40\" maxlength=\"400\" class=\"wpcf7-form-control wpcf7-text\" aria-invalid=\"false\" value=\"\" type=\"text\" name=\"your-subject\" \/><\/span> <\/label>\n<\/p>\n<p><label> Beschreibung Ihres Beitrags<br \/>\n<span class=\"wpcf7-form-control-wrap\" data-name=\"your-message\"><textarea cols=\"40\" rows=\"10\" maxlength=\"2000\" class=\"wpcf7-form-control wpcf7-textarea\" aria-invalid=\"false\" name=\"your-message\"><\/textarea><\/span> <\/label>\n<\/p>\n<p><span class=\"wpcf7-form-control-wrap\" data-name=\"checkbox-208\"><span class=\"wpcf7-form-control wpcf7-checkbox wpcf7-validates-as-required list\"><span class=\"wpcf7-list-item first\"><input type=\"checkbox\" name=\"checkbox-208[]\" value=\"Fotos\" \/><span class=\"wpcf7-list-item-label\">Fotos<\/span><\/span><span class=\"wpcf7-list-item\"><input type=\"checkbox\" name=\"checkbox-208[]\" value=\"Erinnerungen \/ pers\u00f6nliche Geschichten\" \/><span class=\"wpcf7-list-item-label\">Erinnerungen \/ pers\u00f6nliche Geschichten<\/span><\/span><span class=\"wpcf7-list-item\"><input type=\"checkbox\" name=\"checkbox-208[]\" value=\"Dokument\" \/><span class=\"wpcf7-list-item-label\">Dokument<\/span><\/span><span class=\"wpcf7-list-item last\"><input type=\"checkbox\" name=\"checkbox-208[]\" value=\"Video\/ Audio\" \/><span class=\"wpcf7-list-item-label\">Video\/ Audio<\/span><\/span><\/span><\/span>\n<\/p>\n<p><span class=\"wpcf7-form-control-wrap\" data-name=\"upload-file-752\"><input size=\"40\" class=\"wpcf7-form-control wpcf7-drag-n-drop-file d-none\" aria-invalid=\"false\" type=\"file\" multiple=\"multiple\" data-name=\"upload-file-752\" data-id=\"2098\" data-version=\"free version 1.3.9.7\" accept=\".\" \/><\/span>\n<\/p>\n<p><span class=\"wpcf7-form-control-wrap\" data-name=\"acceptance-491\"><span class=\"wpcf7-form-control wpcf7-acceptance\"><span class=\"wpcf7-list-item\"><label><input type=\"checkbox\" name=\"acceptance-491\" value=\"1\" aria-invalid=\"false\" \/><span class=\"wpcf7-list-item-label\">Ich best\u00e4tige ich \u00fcber die vollen Rechte des in meinem Beitrag enthaltenen Inhalt und der beigef\u00fcgten Materialien verf\u00fcge<\/span><\/label><\/span><\/span><\/span>\n<\/p>\n<p><span class=\"wpcf7-form-control-wrap\" data-name=\"acceptance-812\"><span class=\"wpcf7-form-control wpcf7-acceptance optional\"><span class=\"wpcf7-list-item\"><label><input type=\"checkbox\" name=\"acceptance-812\" value=\"1\" aria-invalid=\"false\" \/><span class=\"wpcf7-list-item-label\">Ich bin damit einverstanden, kontaktiert zu werden, wenn weitere Fragen zu meinem Beitrag oder zu meinen Interviews entstehen.<\/span><\/label><\/span><\/span><\/span>\n<\/p>\n<p><input class=\"wpcf7-form-control wpcf7-submit has-spinner\" type=\"submit\" value=\"senden\" \/>\n<\/p><div class=\"wpcf7-response-output\" aria-hidden=\"true\"><\/div>\n<\/form>\n<\/div>\n\n\n\n<p>&nbsp;<\/p>\n","protected":false},"excerpt":{"rendered":"<p>Werden Sie Teil der Syrian Heritage Initiatives und leisten Sie einen Beitrag zum Schutz des syrischen Erbes beitragen. Unser Archiv ist eine Plattform, die kontinuierlich durch Beitr\u00e4ge, pers\u00f6nliche Geschichten und Feedback bereichert wird. Wir m\u00f6chten die verschiedenen Erz\u00e4hlungen einzelner Personen und Gemeinschaften in das Zentrum der Diskussion \u00fcber die vielf\u00e4ltigen Aspekte syrischen Kulturerbes r\u00fccken. Es [&hellip;]<\/p>\n","protected":false},"author":7,"featured_media":0,"parent":0,"menu_order":0,"comment_status":"closed","ping_status":"closed","template":"","meta":{"_acf_changed":false,"_seopress_robots_primary_cat":"","_seopress_titles_title":"","_seopress_titles_desc":"","_seopress_robots_index":"","_uag_custom_page_level_css":"","footnotes":""},"class_list":["post-2047","page","type-page","status-publish","hentry","entry"],"acf":[],"uagb_featured_image_src":{"full":false,"thumbnail":false,"medium":false,"medium_large":false,"large":false,"1536x1536":false,"2048x2048":false,"post-thumbnail":false},"uagb_author_info":{"display_name":"Dima Dayoub","author_link":"https:\/\/syrian-heritage.org\/de"},"uagb_comment_info":0,"uagb_excerpt":"Werden Sie Teil der Syrian Heritage Initiatives und leisten Sie einen Beitrag zum Schutz des syrischen Erbes beitragen. Unser Archiv ist eine Plattform, die kontinuierlich durch Beitr\u00e4ge, pers\u00f6nliche Geschichten und Feedback bereichert wird. Wir m\u00f6chten die verschiedenen Erz\u00e4hlungen einzelner Personen und Gemeinschaften in das Zentrum der Diskussion \u00fcber die vielf\u00e4ltigen Aspekte syrischen Kulturerbes r\u00fccken. Es&hellip;","_links":{"self":[{"href":"https:\/\/syrian-heritage.org\/de\/wp-json\/wp\/v2\/pages\/2047","targetHints":{"allow":["GET"]}}],"collection":[{"href":"https:\/\/syrian-heritage.org\/de\/wp-json\/wp\/v2\/pages"}],"about":[{"href":"https:\/\/syrian-heritage.org\/de\/wp-json\/wp\/v2\/types\/page"}],"author":[{"embeddable":true,"href":"https:\/\/syrian-heritage.org\/de\/wp-json\/wp\/v2\/users\/7"}],"replies":[{"embeddable":true,"href":"https:\/\/syrian-heritage.org\/de\/wp-json\/wp\/v2\/comments?post=2047"}],"version-history":[{"count":0,"href":"https:\/\/syrian-heritage.org\/de\/wp-json\/wp\/v2\/pages\/2047\/revisions"}],"wp:attachment":[{"href":"https:\/\/syrian-heritage.org\/de\/wp-json\/wp\/v2\/media?parent=2047"}],"curies":[{"name":"wp","href":"https:\/\/api.w.org\/{rel}","templated":true}]}}