{"id":33753,"date":"2020-11-26T14:33:34","date_gmt":"2020-11-26T13:33:34","guid":{"rendered":"https:\/\/syrian-heritage.org\/about-us-2\/"},"modified":"2022-01-19T18:33:47","modified_gmt":"2022-01-19T17:33:47","slug":"ueber-uns","status":"publish","type":"page","link":"https:\/\/syrian-heritage.org\/de\/ueber-uns\/","title":{"rendered":"\u00dcber uns"},"content":{"rendered":"\n<section class=\"wp-block-uagb-columns uagb-columns__wrap uagb-columns__background-undefined uagb-columns__stack-mobile uagb-columns__valign-undefined uagb-columns__gap-30 alignwide uagb-block-e77c4eef\"><div class=\"uagb-columns__overlay\"><\/div><div class=\"uagb-columns__inner-wrap uagb-columns__columns-2\">\n<div class=\"wp-block-uagb-column uagb-column__wrap uagb-column__background-undefined uagb-block-fde84247 column_mobile\"><div class=\"uagb-column__overlay\"><\/div><div class=\"uagb-column__inner-wrap\">\n<p style=\"font-size:19px\"><strong>Willkommen auf der virtuellen Plattform der Syrian Heritage Initiatives des <a href=\"https:\/\/www.smb.museum\/en\/museen-einrichtungen\/museum-fuer-islamische-kunst\/home\/\" target=\"_blank\" rel=\"noreferrer noopener\">Museums f\u00fcr Islamische Kunst<\/a>\/ Staatliche Museen zu Berlin. &nbsp;Hier k\u00f6nnen Sie die einzigartige Kulturlandschaft Syriens erkunden, kennenlernen und mit ihr in Kontakt treten.<\/strong><\/p>\n\n\n\n<p style=\"font-size:19px\">Wir sind ein Netzwerk verschiedener Projekte des Museums f\u00fcr Islamische Kunst\/Staatliche Museen zu Berlin, die sich mit Themen rund um das syrische Erbe besch\u00e4ftigen. Unser gemeinsames Ziel ist es, den Reichtum des syrischen Erbes zu dokumentieren, zu bewahren und f\u00fcr alle zug\u00e4nglich zu machen.<\/p>\n\n\n\n<p style=\"font-size:19px\"><strong>Unser Auftrag:<\/strong>\n\nSyrien ist ein vielf\u00e4ltiges Land mit den \u00e4ltesten bewohnten St\u00e4dten der Welt, sehr unterschiedlichen Landschaften und bedeutenden arch\u00e4ologischen St\u00e4tten. Zusammen mit seinen reichen Traditionen, unterschiedlichen Kulturen und m\u00fcndlich \u00fcberliefertem Wissen bildet es ein lebendiges Mosaik aus kulturellen Traditionen, Br\u00e4uchen, verschiedenen Sprachen, Ethnien und Religionen. Dieser kulturelle Reichtum ist einzigartig und verdient es, f\u00fcr k\u00fcnftige Generationen bewahrt zu werden.<\/p>\n\n\n\n<p style=\"font-size:19px\"><\/p>\n<\/div><\/div>\n\n\n\n<div class=\"wp-block-uagb-column uagb-column__wrap uagb-column__background-color uagb-block-4ea018b9\"><div class=\"uagb-column__overlay\"><\/div><div class=\"uagb-column__inner-wrap\">\n<p style=\"font-size:17px\"><strong>Thematischer Schwerpunkt:<\/strong><\/p>\n\n\n\n<ul class=\"wp-block-list\"><li><a href=\"#SYRIAN-HERITAGE-ARCHIVE\">Syrian Heritage Archive<\/a><\/li><li><a href=\"#INTANGIBLE-HERITAGE\">Immaterielles Erbe<\/a><\/li><li><a href=\"#ALEPPO-FOCUS\">Aleppo-fokussierte Forschung<\/a><\/li><\/ul>\n\n\n\n<p><\/p>\n\n\n\n<p><\/p>\n\n\n\n<p style=\"font-size:17px\"><a href=\"https:\/\/syrian-heritage.org\/projects\/news\/\" target=\"_blank\" rel=\"noreferrer noopener\"><strong>News<\/strong> <strong>Blog (Englisch)<\/strong><\/a><\/p>\n\n\n\n<p style=\"font-size:17px\"><strong>Presse &amp; Medienberichte<\/strong><\/p>\n\n\n\n<p style=\"font-size:17px\"><strong><a href=\"https:\/\/syrian-heritage.org\/projects\/videos\/\" target=\"_blank\" rel=\"noreferrer noopener\">Videos (bald verf\u00fcgbar)<\/a><\/strong><\/p>\n\n\n\n<p style=\"font-size:17px\"><strong><a href=\"https:\/\/syrianheritage.gbv.de\/search\" target=\"_blank\" rel=\"noreferrer noopener\">Datenbank f\u00fcr digitale Inhalte<\/a><\/strong><\/p>\n<\/div><\/div>\n<\/div><\/section>\n\n\n\n<p><strong>Unsere verschiedenen Initiativen haben die folgenden Schwerpunkte: <\/strong><\/p>\n\n\n\n<section class=\"wp-block-uagb-columns uagb-columns__wrap uagb-columns__background-undefined uagb-columns__stack-mobile uagb-columns__valign-undefined uagb-columns__gap-10 alignwide uagb-block-27b1a3b7\"><div class=\"uagb-columns__overlay\"><\/div><div class=\"uagb-columns__inner-wrap uagb-columns__columns-3\">\n<div class=\"wp-block-uagb-column uagb-column__wrap uagb-column__background-gradient uagb-block-319ae91c\"><div class=\"uagb-column__overlay\"><\/div><div class=\"uagb-column__inner-wrap\">\n<h2 class=\"has-text-align-center wp-block-heading\" id=\"INTANGIBLE-HERITAGE\" style=\"font-size:19px\">IMMATERIELLES ERBE<\/h2>\n\n\n\n<figure class=\"wp-block-image size-large\"><img loading=\"lazy\" decoding=\"async\" width=\"980\" height=\"612\" src=\"https:\/\/syrian-heritage.org\/wp-content\/uploads\/2021\/01\/image-1-edited.png\" alt=\"\u00dcber uns\" class=\"wp-image-26740\" srcset=\"https:\/\/syrian-heritage.org\/wp-content\/uploads\/2021\/01\/image-1-edited.png 980w, https:\/\/syrian-heritage.org\/wp-content\/uploads\/2021\/01\/image-1-edited-300x187.png 300w, https:\/\/syrian-heritage.org\/wp-content\/uploads\/2021\/01\/image-1-edited-768x480.png 768w\" sizes=\"auto, (max-width: 980px) 100vw, 980px\" \/><\/figure>\n\n\n\n<p style=\"font-size:17px\">Wir zielen darauf ab, kulturelle Ausdrucksformen, m\u00fcndlich \u00fcberliefertes Wissen und pers\u00f6nliche Erinnerungen aus Syrien zu pr\u00e4sentieren und sie auf unserer gemeinsamen interaktiven Plattform vorzustellen &#8230; <a href=\"https:\/\/syrian-heritage.org\/interactive-heritage-map-of-syria\/\" target=\"_blank\" rel=\"noreferrer noopener\">Weiterlesen (Englisch)<\/a><\/p>\n\n\n\n<p><\/p>\n<\/div><\/div>\n\n\n\n<div class=\"wp-block-uagb-column uagb-column__wrap uagb-column__background-gradient uagb-block-32a6c551\"><div class=\"uagb-column__overlay\"><\/div><div class=\"uagb-column__inner-wrap\">\n<h2 class=\"has-text-align-center wp-block-heading\" id=\"SYRIAN-HERITAGE-ARCHIVE\" style=\"font-size:19px\">SYRIAN HERITAGE ARCHIVE<\/h2>\n\n\n\n<figure class=\"wp-block-image size-large\"><img loading=\"lazy\" decoding=\"async\" width=\"2560\" height=\"1625\" src=\"https:\/\/syrian-heritage.org\/wp-content\/uploads\/2021\/01\/Palmyra_Issam-Hajjar-edited-1-scaled.jpg\" alt=\"\u00dcber uns\" class=\"wp-image-26780\" srcset=\"https:\/\/syrian-heritage.org\/wp-content\/uploads\/2021\/01\/Palmyra_Issam-Hajjar-edited-1-scaled.jpg 2560w, https:\/\/syrian-heritage.org\/wp-content\/uploads\/2021\/01\/Palmyra_Issam-Hajjar-edited-1-300x190.jpg 300w, https:\/\/syrian-heritage.org\/wp-content\/uploads\/2021\/01\/Palmyra_Issam-Hajjar-edited-1-1024x650.jpg 1024w, https:\/\/syrian-heritage.org\/wp-content\/uploads\/2021\/01\/Palmyra_Issam-Hajjar-edited-1-768x488.jpg 768w, https:\/\/syrian-heritage.org\/wp-content\/uploads\/2021\/01\/Palmyra_Issam-Hajjar-edited-1-1536x975.jpg 1536w, https:\/\/syrian-heritage.org\/wp-content\/uploads\/2021\/01\/Palmyra_Issam-Hajjar-edited-1-2048x1300.jpg 2048w, https:\/\/syrian-heritage.org\/wp-content\/uploads\/2021\/01\/Palmyra_Issam-Hajjar-edited-1-1568x995.jpg 1568w\" sizes=\"auto, (max-width: 2560px) 100vw, 2560px\" \/><\/figure>\n\n\n\n<p style=\"font-size:17px\">verfolgt das Ziel, Fotos, Pl\u00e4ne, Karten und Berichte zum Zweck der Dokumentation syrischer Kultur- und Natursch\u00e4tze systematisch zu archivieren&#8230;. <a href=\"https:\/\/syrian-heritage.org\/shap\/\" target=\"_blank\" rel=\"noreferrer noopener\">Weiterlesen (Englisch)<\/a><\/p>\n<\/div><\/div>\n\n\n\n<div class=\"wp-block-uagb-column uagb-column__wrap uagb-column__background-gradient uagb-block-c644def5\"><div class=\"uagb-column__overlay\"><\/div><div class=\"uagb-column__inner-wrap\">\n<h2 class=\"has-text-align-center wp-block-heading\" id=\"ALEPPO-FOCUS\" style=\"font-size:19px\">ALEPPO FOKUS<\/h2>\n\n\n\n<figure class=\"wp-block-image size-large\"><img loading=\"lazy\" decoding=\"async\" width=\"1728\" height=\"1078\" src=\"https:\/\/syrian-heritage.org\/wp-content\/uploads\/2021\/01\/shap_import_80134-edited-1.png\" alt=\"Aleppo, Haus Ajiqbash, Innenhof und Iwan, Sch\u00e4den in 2018\" class=\"wp-image-26776\" srcset=\"https:\/\/syrian-heritage.org\/wp-content\/uploads\/2021\/01\/shap_import_80134-edited-1.png 1728w, https:\/\/syrian-heritage.org\/wp-content\/uploads\/2021\/01\/shap_import_80134-edited-1-300x187.png 300w, https:\/\/syrian-heritage.org\/wp-content\/uploads\/2021\/01\/shap_import_80134-edited-1-1024x639.png 1024w, https:\/\/syrian-heritage.org\/wp-content\/uploads\/2021\/01\/shap_import_80134-edited-1-768x479.png 768w, https:\/\/syrian-heritage.org\/wp-content\/uploads\/2021\/01\/shap_import_80134-edited-1-1536x958.png 1536w, https:\/\/syrian-heritage.org\/wp-content\/uploads\/2021\/01\/shap_import_80134-edited-1-1568x978.png 1568w\" sizes=\"auto, (max-width: 1728px) 100vw, 1728px\" \/><\/figure>\n\n\n\n<p style=\"font-size:17px\">dient der umfassenden Dokumentation des kulturellen Erbes der \u00e4ltesten lebenden Stadt der Welt und wird von drei Teams durchgef\u00fchrt:<\/p>\n\n\n\n<ul class=\"wp-block-list\"><li><a title=\"https:\/\/syrian-heritage.org\/stunde-null-aleppo\/\" href=\"https:\/\/syrian-heritage.org\/stunde-null-aleppo\/\" target=\"_blank\" rel=\"noreferrer noopener\">Stunde Null (Englisch)<\/a><\/li><li><a href=\"https:\/\/syrian-heritage.org\/de\/about-us\/built-heritage-documentation\/\" target=\"_blank\" rel=\"noreferrer noopener\">Aleppo Built Heritage Documentation-Schadenskartierung<\/a><\/li><li><a href=\"https:\/\/syrian-heritage.org\/aleppo-catalogue\/\" target=\"_blank\" rel=\"noreferrer noopener\">Aleppo Catalogue (Englisch)<\/a><\/li><\/ul>\n<\/div><\/div>\n<\/div><\/section>\n\n\n\n<p><\/p>\n","protected":false},"excerpt":{"rendered":"<p>Willkommen auf der virtuellen Plattform der Syrian Heritage Initiatives des Museums f\u00fcr Islamische Kunst\/ Staatliche Museen zu Berlin. &nbsp;Hier k\u00f6nnen Sie die einzigartige Kulturlandschaft Syriens erkunden, kennenlernen und mit ihr in Kontakt treten. Wir sind ein Netzwerk verschiedener Projekte des Museums f\u00fcr Islamische Kunst\/Staatliche Museen zu Berlin, die sich mit Themen rund um das syrische [&hellip;]<\/p>\n","protected":false},"author":12,"featured_media":0,"parent":0,"menu_order":0,"comment_status":"closed","ping_status":"closed","template":"","meta":{"_acf_changed":false,"_seopress_robots_primary_cat":"","_seopress_titles_title":"%%post_title%% %%sep%%  %%sitetitle%%","_seopress_titles_desc":"%%post_excerpt%% %%tagline%% Unsere verschiedenen Initiativen haben die folgenden Schwerpunkte: Immaterielles Erbe, dem Archiv f\u00fcr Kulturg\u00fcter und der Aleppo Schwerpunktarbeit; diese beinhaltet die Arbeit der Projekte Stunde Null Aleppo, der Schadenskartierung (Aleppo Built Heritage Documentation) und dem Aleppo Heritage Catalogue ( u.a. eine Zeitleiste ausgew\u00e4hlter historischer Fassaden in Aleppo).","_seopress_robots_index":"","_uag_custom_page_level_css":"","footnotes":""},"class_list":["post-33753","page","type-page","status-publish","hentry","entry"],"acf":[],"uagb_featured_image_src":{"full":false,"thumbnail":false,"medium":false,"medium_large":false,"large":false,"1536x1536":false,"2048x2048":false,"post-thumbnail":false},"uagb_author_info":{"display_name":"Syrian Heritage Archive Project","author_link":"https:\/\/syrian-heritage.org\/de"},"uagb_comment_info":0,"uagb_excerpt":"Willkommen auf der virtuellen Plattform der Syrian Heritage Initiatives des Museums f\u00fcr Islamische Kunst\/ Staatliche Museen zu Berlin. &nbsp;Hier k\u00f6nnen Sie die einzigartige Kulturlandschaft Syriens erkunden, kennenlernen und mit ihr in Kontakt treten. Wir sind ein Netzwerk verschiedener Projekte des Museums f\u00fcr Islamische Kunst\/Staatliche Museen zu Berlin, die sich mit Themen rund um das syrische&hellip;","_links":{"self":[{"href":"https:\/\/syrian-heritage.org\/de\/wp-json\/wp\/v2\/pages\/33753","targetHints":{"allow":["GET"]}}],"collection":[{"href":"https:\/\/syrian-heritage.org\/de\/wp-json\/wp\/v2\/pages"}],"about":[{"href":"https:\/\/syrian-heritage.org\/de\/wp-json\/wp\/v2\/types\/page"}],"author":[{"embeddable":true,"href":"https:\/\/syrian-heritage.org\/de\/wp-json\/wp\/v2\/users\/12"}],"replies":[{"embeddable":true,"href":"https:\/\/syrian-heritage.org\/de\/wp-json\/wp\/v2\/comments?post=33753"}],"version-history":[{"count":0,"href":"https:\/\/syrian-heritage.org\/de\/wp-json\/wp\/v2\/pages\/33753\/revisions"}],"wp:attachment":[{"href":"https:\/\/syrian-heritage.org\/de\/wp-json\/wp\/v2\/media?parent=33753"}],"curies":[{"name":"wp","href":"https:\/\/api.w.org\/{rel}","templated":true}]}}